{"id":135,"date":"2018-12-13T10:49:48","date_gmt":"2018-12-13T09:49:48","guid":{"rendered":"http:\/\/lakeside-apartments.at.server705-han.server-routing.com\/faakersee\/?page_id=135"},"modified":"2022-08-31T10:00:34","modified_gmt":"2022-08-31T08:00:34","slug":"kontakt","status":"publish","type":"page","link":"https:\/\/www.lakeside-apartments.at\/faakersee\/kontakt\/","title":{"rendered":"Kontakt"},"content":{"rendered":"\n<style type=\"text\/css\" data-created_by=\"avia_inline_auto\" id=\"style-css-av-jpmw55ir-94eec6078f0b426bc2318a6d127b79da\">\n.avia-section.av-jpmw55ir-94eec6078f0b426bc2318a6d127b79da{\nbackground-color:#ededed;\nbackground-image:unset;\n}\n#top .avia-section.av-jpmw55ir-94eec6078f0b426bc2318a6d127b79da .scroll-down-link{\ncolor:#7d007c;\n}\n<\/style>\n<div id='av_section_1'  class='avia-section av-jpmw55ir-94eec6078f0b426bc2318a6d127b79da main_color avia-section-large avia-no-shadow  avia-builder-el-0  el_before_av_section  avia-builder-el-first  avia-bg-style-scroll container_wrap fullsize'  ><div class=\"av-section-color-overlay-wrap\"><a href='#next-section' title='' class='scroll-down-link av-custom-scroll-down-color' aria-hidden='true' data-av_icon='\ue877' data-av_iconfont='entypo-fontello'><\/a><div class='container av-section-cont-open' ><main  role=\"main\" itemprop=\"mainContentOfPage\"  class='template-page content  av-content-full alpha units'><div class='post-entry post-entry-type-page post-entry-135'><div class='entry-content-wrapper clearfix'>\n\n<style type=\"text\/css\" data-created_by=\"avia_inline_auto\" id=\"style-css-av-m543b-b121397a1566021735c7fd3a10de850b\">\n.flex_column.av-m543b-b121397a1566021735c7fd3a10de850b{\nborder-radius:0px 0px 0px 0px;\npadding:0px 0px 0px 0px;\n}\n<\/style>\n<div  class='flex_column av-m543b-b121397a1566021735c7fd3a10de850b av_one_fourth  avia-builder-el-1  el_before_av_one_half  avia-builder-el-first  first flex_column_div av-zero-column-padding  '     ><\/div>\n<style type=\"text\/css\" data-created_by=\"avia_inline_auto\" id=\"style-css-av-gjg27-58a5427995e6e34882b2a52096fd0ef9\">\n.flex_column.av-gjg27-58a5427995e6e34882b2a52096fd0ef9{\nborder-radius:0px 0px 0px 0px;\npadding:0px 0px 0px 0px;\n}\n<\/style>\n<div  class='flex_column av-gjg27-58a5427995e6e34882b2a52096fd0ef9 av_one_half  avia-builder-el-2  el_after_av_one_fourth  el_before_av_one_fourth  flex_column_div av-zero-column-padding  '     ><section  class='av_textblock_section av-jqc6eynl-e3103e71ea9667d311e07d620de2a3b1 '   itemscope=\"itemscope\" itemtype=\"https:\/\/schema.org\/CreativeWork\" ><div class='avia_textblock'  itemprop=\"text\" ><p style=\"text-align: center;\">Sollten wir Ihr Interesse an unseren<\/p>\n<h1 style=\"text-align: center;\"><strong>Lakeside Apartments<\/strong><\/h1>\n<p style=\"text-align: center;\">am Faaker See geweckt haben, w\u00fcrden wir uns \u00fcber eine Kontaktaufnahme sehr freuen.<\/p>\n<\/div><\/section><\/div>\n<style type=\"text\/css\" data-created_by=\"avia_inline_auto\" id=\"style-css-av-8ggr3-2ffb24d549e7c527111d02fce4eafae6\">\n.flex_column.av-8ggr3-2ffb24d549e7c527111d02fce4eafae6{\nborder-radius:0px 0px 0px 0px;\npadding:0px 0px 0px 0px;\n}\n<\/style>\n<div  class='flex_column av-8ggr3-2ffb24d549e7c527111d02fce4eafae6 av_one_fourth  avia-builder-el-4  el_after_av_one_half  avia-builder-el-last  flex_column_div av-zero-column-padding  '     ><\/div>\n\n<\/div><\/div><\/main><!-- close content main element --><\/div><\/div><\/div>\n<style type=\"text\/css\" data-created_by=\"avia_inline_auto\" id=\"style-css-av-217ys-976d77b91ccaf87b6b3afb32e199ddf2\">\n.avia-section.av-217ys-976d77b91ccaf87b6b3afb32e199ddf2{\nbackground-color:#919191;\nbackground-image:unset;\n}\n<\/style>\n<div id='kontakt'  class='avia-section av-217ys-976d77b91ccaf87b6b3afb32e199ddf2 main_color avia-section-huge avia-shadow  avia-builder-el-5  el_after_av_section  el_before_av_textblock  avia-bg-style-scroll container_wrap fullsize'  ><div class='container av-section-cont-open' ><div class='template-page content  av-content-full alpha units'><div class='post-entry post-entry-type-page post-entry-135'><div class='entry-content-wrapper clearfix'>\n\n<style type=\"text\/css\" data-created_by=\"avia_inline_auto\" id=\"style-css-av-3pq8-c80ba6fe40ad47b737cdbd0aaabcf5d2\">\n.flex_column.av-3pq8-c80ba6fe40ad47b737cdbd0aaabcf5d2{\nborder-radius:0px 0px 0px 0px;\npadding:0px 0px 0px 0px;\n}\n<\/style>\n<div  class='flex_column av-3pq8-c80ba6fe40ad47b737cdbd0aaabcf5d2 av_one_half  avia-builder-el-6  el_before_av_one_half  avia-builder-el-first  first flex_column_div av-zero-column-padding  '     ><style type=\"text\/css\" data-created_by=\"avia_inline_auto\" id=\"style-css-av-3zefk-efa216b38945d9d2896ac582c9ef21ff\">\n#top .avia-icon-list-container.av-3zefk-efa216b38945d9d2896ac582c9ef21ff .iconlist_icon{\nbackground-color:#7d007c;\n}\n#top #wrap_all .avia-icon-list-container.av-3zefk-efa216b38945d9d2896ac582c9ef21ff .av_iconlist_title{\nfont-size:25px;\ncolor:#ededed;\n}\n.avia-icon-list-container.av-3zefk-efa216b38945d9d2896ac582c9ef21ff .iconlist_content{\nfont-size:18px;\ncolor:#d8d8d8;\n}\n<\/style>\n<div  class='avia-icon-list-container av-3zefk-efa216b38945d9d2896ac582c9ef21ff  avia-builder-el-7  avia-builder-el-no-sibling '><ul class='avia-icon-list avia_animate_when_almost_visible avia-icon-list-left av-iconlist-big av-3zefk-efa216b38945d9d2896ac582c9ef21ff avia-iconlist-animate'>\n<li><div class='iconlist_icon av-vyvfj-4ed78cd0c1d53e8a0acc3c292b4d83e4 avia-font-entypo-fontello'><span class='iconlist-char' aria-hidden='true' data-av_icon='\ue80b' data-av_iconfont='entypo-fontello'><\/span><\/div><article class=\"article-icon-entry \"  itemscope=\"itemscope\" itemtype=\"https:\/\/schema.org\/CreativeWork\" ><div class=\"iconlist_content_wrap\"><header class=\"entry-content-header\"><h4 class='av_iconlist_title iconlist_title  av_inherit_color'  itemprop=\"headline\" >Kontakt<\/h4><\/header><div class='iconlist_content av_inherit_color'  itemprop=\"text\" ><p>Lakeside Apartments<\/p>\n<\/div><\/div><footer class=\"entry-footer\"><\/footer><\/article><div class=\"iconlist-timeline\"><\/div><\/li>\n<li><div class='iconlist_icon av-rwv9b-6dbc11fb5d1bc9c98a1af0fe84ce4e55 avia-font-entypo-fontello'><span class='iconlist-char' aria-hidden='true' data-av_icon='\ue83a' data-av_iconfont='entypo-fontello'><\/span><\/div><article class=\"article-icon-entry \"  itemscope=\"itemscope\" itemtype=\"https:\/\/schema.org\/CreativeWork\" ><div class=\"iconlist_content_wrap\"><header class=\"entry-content-header\"><h4 class='av_iconlist_title iconlist_title  av_inherit_color'  itemprop=\"headline\" >MAIL<\/h4><\/header><div class='iconlist_content av_inherit_color'  itemprop=\"text\" ><p><span style=\"color: #801a0c;\"><a style=\"color: #801a0c;\" href=\"mailto:info@lakeside-apartments.at\">info@lakeside-apartments.at<\/a><\/span><\/p>\n<\/div><\/div><footer class=\"entry-footer\"><\/footer><\/article><div class=\"iconlist-timeline\"><\/div><\/li>\n<li><a href='http:\/\/www.lakeside-apartments.at' title='INTERNET'  class='iconlist_icon av-hqyf3-bdcc29817b72db2fdaeb56d30f341bdb avia-font-entypo-fontello'><span class='iconlist-char' aria-hidden='true' data-av_icon='\ue8b1' data-av_iconfont='entypo-fontello'><\/span><\/a><article class=\"article-icon-entry \"  itemscope=\"itemscope\" itemtype=\"https:\/\/schema.org\/CreativeWork\" ><div class=\"iconlist_content_wrap\"><header class=\"entry-content-header\"><h4 class='av_iconlist_title iconlist_title  av_inherit_color'  itemprop=\"headline\" ><a href='http:\/\/www.lakeside-apartments.at' title='INTERNET'>INTERNET<\/a><\/h4><\/header><div class='iconlist_content av_inherit_color'  itemprop=\"text\" ><p><span style=\"color: #801a0c;\"><a style=\"color: #801a0c;\" href=\"http:\/\/www.lakeside-apartments.at\">www.lakeside-apartments.at<\/a><\/span><\/p>\n<\/div><\/div><footer class=\"entry-footer\"><\/footer><\/article><div class=\"iconlist-timeline\"><\/div><\/li>\n<li><div class='iconlist_icon av-76qx3-44b407adfb34e673a6d3a713bad6fc9b avia-font-entypo-fontello'><span class='iconlist-char' aria-hidden='true' data-av_icon='\ue8ac' data-av_iconfont='entypo-fontello'><\/span><\/div><article class=\"article-icon-entry \"  itemscope=\"itemscope\" itemtype=\"https:\/\/schema.org\/CreativeWork\" ><div class=\"iconlist_content_wrap\"><header class=\"entry-content-header\"><h4 class='av_iconlist_title iconlist_title  av_inherit_color'  itemprop=\"headline\" >TELEFON<\/h4><\/header><div class='iconlist_content av_inherit_color'  itemprop=\"text\" ><p>+43 650 9265437<\/p>\n<\/div><\/div><footer class=\"entry-footer\"><\/footer><\/article><div class=\"iconlist-timeline\"><\/div><\/li>\n<li><a href='https:\/\/www.lakeside-apartments.at\/faakersee\/preise\/' title='ANFRAGE'  class='iconlist_icon av-an7mn-892216bacdb6db93749e371da3db9feb avia-font-entypo-fontello'><span class='iconlist-char' aria-hidden='true' data-av_icon='\ue81c' data-av_iconfont='entypo-fontello'><\/span><\/a><article class=\"article-icon-entry \"  itemscope=\"itemscope\" itemtype=\"https:\/\/schema.org\/CreativeWork\" ><div class=\"iconlist_content_wrap\"><header class=\"entry-content-header\"><h4 class='av_iconlist_title iconlist_title  av_inherit_color'  itemprop=\"headline\" ><a href='https:\/\/www.lakeside-apartments.at\/faakersee\/preise\/' title='ANFRAGE'>ANFRAGE<\/a><\/h4><\/header><div class='iconlist_content av_inherit_color'  itemprop=\"text\" ><p>Buchung und Preise<\/p>\n<\/div><\/div><footer class=\"entry-footer\"><\/footer><\/article><div class=\"iconlist-timeline\"><\/div><\/li>\n<\/ul><\/div><\/div>\n<style type=\"text\/css\" data-created_by=\"avia_inline_auto\" id=\"style-css-av-3pq8-2c3e25f673e8e5f0c217e516d5853727\">\n.flex_column.av-3pq8-2c3e25f673e8e5f0c217e516d5853727{\nborder-radius:0px 0px 0px 0px;\npadding:0px 0px 0px 0px;\n}\n<\/style>\n<div  class='flex_column av-3pq8-2c3e25f673e8e5f0c217e516d5853727 av_one_half  avia-builder-el-8  el_after_av_one_half  avia-builder-el-last  flex_column_div av-zero-column-padding  '     ><p>\n<style type=\"text\/css\" data-created_by=\"avia_inline_auto\" id=\"style-css-av-3zefk-efa216b38945d9d2896ac582c9ef21ff\">\n#top .avia-icon-list-container.av-3zefk-efa216b38945d9d2896ac582c9ef21ff .iconlist_icon{\nbackground-color:#7d007c;\n}\n#top #wrap_all .avia-icon-list-container.av-3zefk-efa216b38945d9d2896ac582c9ef21ff .av_iconlist_title{\nfont-size:25px;\ncolor:#ededed;\n}\n.avia-icon-list-container.av-3zefk-efa216b38945d9d2896ac582c9ef21ff .iconlist_content{\nfont-size:18px;\ncolor:#d8d8d8;\n}\n<\/style>\n<div  class='avia-icon-list-container av-3zefk-efa216b38945d9d2896ac582c9ef21ff  avia-builder-el-9  el_before_av_image  avia-builder-el-first '><ul class='avia-icon-list avia_animate_when_almost_visible avia-icon-list-left av-iconlist-big av-3zefk-efa216b38945d9d2896ac582c9ef21ff avia-iconlist-animate'>\n<li><a href='https:\/\/www.google.com\/maps\/place\/Seeufer-Landesstra%C3%9Fe+42a,+9583\/@46.5658516,13.9209931,17z\/data=!3m1!4b1!4m5!3m4!1s0x477a805c9bfa642f:0xf6796d5d0eb07e06!8m2!3d46.5658516!4d13.9231818' title='ANFAHRT (Link Google Maps)' target=\"_blank\" rel=\"noopener noreferrer\" class='iconlist_icon av-av_iconlist_item-a584113e0226aec5d9e24c15f7d1296d avia-font-entypo-fontello'><span class='iconlist-char' aria-hidden='true' data-av_icon='\ue841' data-av_iconfont='entypo-fontello'><\/span><\/a><article class=\"article-icon-entry \"  itemscope=\"itemscope\" itemtype=\"https:\/\/schema.org\/CreativeWork\" ><div class=\"iconlist_content_wrap\"><header class=\"entry-content-header\"><h4 class='av_iconlist_title iconlist_title  av_inherit_color'  itemprop=\"headline\" ><a href='https:\/\/www.google.com\/maps\/place\/Seeufer-Landesstra%C3%9Fe+42a,+9583\/@46.5658516,13.9209931,17z\/data=!3m1!4b1!4m5!3m4!1s0x477a805c9bfa642f:0xf6796d5d0eb07e06!8m2!3d46.5658516!4d13.9231818' title='ANFAHRT (Link Google Maps)' target=\"_blank\" rel=\"noopener noreferrer\">ANFAHRT (Link Google Maps)<\/a><\/h4><\/header><div class='iconlist_content av_inherit_color'  itemprop=\"text\" ><p>9583 Faak am See, K\u00e4rnten, \u00d6sterreich<\/p>\n<p>Seeuferlandesstra\u00dfe 42a<\/p>\n<\/div><\/div><footer class=\"entry-footer\"><\/footer><\/article><div class=\"iconlist-timeline\"><\/div><\/li>\n<\/ul><\/div><br \/>\n\n<style type=\"text\/css\" data-created_by=\"avia_inline_auto\" id=\"style-css-av-l7hahazg-38699495e2b543035abcf7ddeb34aba4\">\n.avia-image-container.av-l7hahazg-38699495e2b543035abcf7ddeb34aba4 img.avia_image{\nbox-shadow:none;\n}\n.avia-image-container.av-l7hahazg-38699495e2b543035abcf7ddeb34aba4 .av-caption-image-overlay-bg{\nopacity:0.4;\nbackground-color:#000000;\n}\n.avia-image-container.av-l7hahazg-38699495e2b543035abcf7ddeb34aba4 .av-image-caption-overlay-center{\ncolor:#ffffff;\n}\n<\/style>\n<div  class='avia-image-container av-l7hahazg-38699495e2b543035abcf7ddeb34aba4 av-styling- avia-align-center  avia-builder-el-10  el_after_av_iconlist  avia-builder-el-last  noHover av-overlay-on-hover'   itemprop=\"image\" itemscope=\"itemscope\" itemtype=\"https:\/\/schema.org\/ImageObject\" ><div class=\"avia-image-container-inner\"><div class=\"avia-image-overlay-wrap\"><a href=\"https:\/\/www.google.com\/maps\/place\/Seeufer-Landesstra%C3%9Fe+42a,+9583\/@46.5657327,13.9233391,17z\/data=!3m1!4b1!4m5!3m4!1s0x477a805c9c4fd63d:0xa1804a6e99ffc174!8m2!3d46.5658516!4d13.9231818\" class='avia_image' target=\"_blank\" rel=\"noopener noreferrer\" aria-label='Lakeside-Logo'><div class=\"av-image-caption-overlay\"><div class=\"av-caption-image-overlay-bg\"><\/div><div class=\"av-image-caption-overlay-position\"><div class=\"av-image-caption-overlay-center\"><p>Link auf Karte von Google Maps<\/p>\n<\/div><\/div><\/div><img decoding=\"async\" fetchpriority=\"high\" class='wp-image-708 avia-img-lazy-loading-not-708 avia_image ' src=\"https:\/\/www.lakeside-apartments.at\/faakersee\/wp-content\/uploads\/2018\/12\/Lakeside-Logo.png\" alt='Lakeside-Apartments Logo' title='Lakeside-Logo'  height=\"300\" width=\"300\"  itemprop=\"thumbnailUrl\" srcset=\"https:\/\/www.lakeside-apartments.at\/faakersee\/wp-content\/uploads\/2018\/12\/Lakeside-Logo.png 300w, https:\/\/www.lakeside-apartments.at\/faakersee\/wp-content\/uploads\/2018\/12\/Lakeside-Logo-80x80.png 80w, https:\/\/www.lakeside-apartments.at\/faakersee\/wp-content\/uploads\/2018\/12\/Lakeside-Logo-36x36.png 36w, https:\/\/www.lakeside-apartments.at\/faakersee\/wp-content\/uploads\/2018\/12\/Lakeside-Logo-180x180.png 180w, https:\/\/www.lakeside-apartments.at\/faakersee\/wp-content\/uploads\/2018\/12\/Lakeside-Logo-120x120.png 120w\" sizes=\"(max-width: 300px) 100vw, 300px\" \/><\/a><\/div><\/div><\/div><\/p><\/div><\/div><\/div><\/div><!-- close content main div --><\/div><\/div><div id='after_section_2'  class='main_color av_default_container_wrap container_wrap fullsize'  ><div class='container av-section-cont-open' ><div class='template-page content  av-content-full alpha units'><div class='post-entry post-entry-type-page post-entry-135'><div class='entry-content-wrapper clearfix'>\n<style type=\"text\/css\" data-created_by=\"avia_inline_auto\" id=\"style-css-av-jqc6glbx-7c200c3e83904a22773630c8a250e510\">\n#top .av_textblock_section.av-jqc6glbx-7c200c3e83904a22773630c8a250e510 .avia_textblock{\nfont-size:16px;\ncolor:#cccccc;\n}\n<\/style>\n<section  class='av_textblock_section av-jqc6glbx-7c200c3e83904a22773630c8a250e510 '   itemscope=\"itemscope\" itemtype=\"https:\/\/schema.org\/CreativeWork\" ><div class='avia_textblock av_inherit_color'  itemprop=\"text\" ><h2>Stornobedingungen:<\/h2>\n<p>Bitte beachten Sie, dass Ihre Buchung den<a href=\"http:\/\/www.hotelverband.at\/down\/AGBH_061115.pdf\" target=\"_blank\" rel=\"noopener\"> Allgemeinen Gesch\u00e4ftsbedingungen der Hotellerie (2006)<\/a> unterliegt. Diese sehen bis zu 90% Stornogeb\u00fchren vor. Wir empfehlen Ihnen daher den Abschluss einer Reiser\u00fccktrittsversicherung (z. B. bei der Europ\u00e4ischen Reiseversicherung \u2013 das Formular dazu finden sie\u00a0<a href=\"http:\/\/start.europaeische.at\/hsp?AGN=10011180\">hier<\/a>)<\/p>\n<\/div><\/section><\/p>\n","protected":false},"excerpt":{"rendered":"","protected":false},"author":1,"featured_media":0,"parent":0,"menu_order":0,"comment_status":"closed","ping_status":"closed","template":"","meta":{"footnotes":""},"class_list":["post-135","page","type-page","status-publish","hentry"],"_links":{"self":[{"href":"https:\/\/www.lakeside-apartments.at\/faakersee\/wp-json\/wp\/v2\/pages\/135","targetHints":{"allow":["GET"]}}],"collection":[{"href":"https:\/\/www.lakeside-apartments.at\/faakersee\/wp-json\/wp\/v2\/pages"}],"about":[{"href":"https:\/\/www.lakeside-apartments.at\/faakersee\/wp-json\/wp\/v2\/types\/page"}],"author":[{"embeddable":true,"href":"https:\/\/www.lakeside-apartments.at\/faakersee\/wp-json\/wp\/v2\/users\/1"}],"replies":[{"embeddable":true,"href":"https:\/\/www.lakeside-apartments.at\/faakersee\/wp-json\/wp\/v2\/comments?post=135"}],"version-history":[{"count":58,"href":"https:\/\/www.lakeside-apartments.at\/faakersee\/wp-json\/wp\/v2\/pages\/135\/revisions"}],"predecessor-version":[{"id":1877,"href":"https:\/\/www.lakeside-apartments.at\/faakersee\/wp-json\/wp\/v2\/pages\/135\/revisions\/1877"}],"wp:attachment":[{"href":"https:\/\/www.lakeside-apartments.at\/faakersee\/wp-json\/wp\/v2\/media?parent=135"}],"curies":[{"name":"wp","href":"https:\/\/api.w.org\/{rel}","templated":true}]}}